{"id":109,"date":"2025-06-24T21:55:37","date_gmt":"2025-06-24T18:55:37","guid":{"rendered":"https:\/\/cimcime92.com\/?page_id=109"},"modified":"2025-10-31T17:22:05","modified_gmt":"2025-10-31T14:22:05","slug":"gizlilik-ve-ifsa","status":"publish","type":"page","link":"https:\/\/cimcime92.com\/?page_id=109","title":{"rendered":"Gizlilik ve \u0130f\u015fa"},"content":{"rendered":"<h2 data-start=\"305\" data-end=\"353\">\ud83d\udd12 Gizlilik ve \u0130f\u015fa Politikas\u0131<\/h2>\n<p data-start=\"355\" data-end=\"688\">Cimcime3.com, kullan\u0131c\u0131 gizlili\u011fine en \u00fcst d\u00fczeyde \u00f6nem veren bir yeti\u015fkin i\u00e7erik platformudur. Sitemizi ziyaret eden hi\u00e7bir kullan\u0131c\u0131n\u0131n ki\u015fisel verileri <strong data-start=\"510\" data-end=\"525\">kaydedilmez<\/strong>, <strong data-start=\"527\" data-end=\"540\">saklanmaz<\/strong> ve <strong data-start=\"544\" data-end=\"577\">\u00fc\u00e7\u00fcnc\u00fc taraflarla payla\u015f\u0131lmaz<\/strong>. Sistemlerimizde <strong data-start=\"595\" data-end=\"620\">log kayd\u0131 tutulmad\u0131\u011f\u0131<\/strong> i\u00e7in, herhangi bir veri payla\u015f\u0131m\u0131 da teknik olarak m\u00fcmk\u00fcn de\u011fildir.<\/p>\n<p data-start=\"690\" data-end=\"1025\">Cimcime3.com\u2019da yer alan t\u00fcm videolar, <strong data-start=\"729\" data-end=\"771\">\u00fc\u00e7\u00fcnc\u00fc taraf video payla\u015f\u0131m servisleri<\/strong> (\u00f6rne\u011fin pop\u00fcler uluslararas\u0131 adult i\u00e7erik platformlar\u0131) \u00fczerinden <strong data-start=\"839\" data-end=\"859\">embed y\u00f6ntemiyle<\/strong> yay\u0131nlanmaktad\u0131r. Bu nedenle sitemizde <strong data-start=\"899\" data-end=\"946\">herhangi bir yasa d\u0131\u015f\u0131 i\u00e7erik bar\u0131nd\u0131r\u0131lmaz<\/strong>; sadece ilgili servislerin bar\u0131nd\u0131rd\u0131\u011f\u0131 materyallerin ba\u011flant\u0131lar\u0131 g\u00f6sterilir.<\/p>\n<p data-start=\"1027\" data-end=\"1273\">Sitemizin amac\u0131, yeti\u015fkin kullan\u0131c\u0131lar\u0131n g\u00fcvenli, gizli ve rahat bir \u015fekilde i\u00e7erik izleyebilece\u011fi bir ortam sunmakt\u0131r.<br data-start=\"1146\" data-end=\"1149\" \/>Ziyaret\u00e7ilerimiz, kimliklerinin veya ki\u015fisel bilgilerinin izlenmedi\u011finden emin olarak platformumuzu \u00f6zg\u00fcrce kullanabilirler.<\/p>\n<p data-start=\"1275\" data-end=\"1357\">\ud83d\udce7 \u0130leti\u015fim: <a class=\"decorated-link cursor-pointer\" href=\"mailto:cimcimeiletisim@proton.me\" rel=\"noopener\" data-start=\"1288\" data-end=\"1357\">cimcimeiletisim@proton.me<\/a><\/p>\n","protected":false},"excerpt":{"rendered":"<p>\ud83d\udd12 Gizlilik ve \u0130f\u015fa Politikas\u0131 Cimcime3.com, kullan\u0131c\u0131 gizlili\u011fine en \u00fcst d\u00fczeyde \u00f6nem veren bir yeti\u015fkin i\u00e7erik platformudur. Sitemizi ziyaret eden hi\u00e7bir kullan\u0131c\u0131n\u0131n ki\u015fisel verileri kaydedilmez, saklanmaz ve \u00fc\u00e7\u00fcnc\u00fc taraflarla payla\u015f\u0131lmaz. Sistemlerimizde log kayd\u0131 tutulmad\u0131\u011f\u0131 i\u00e7in, herhangi bir veri payla\u015f\u0131m\u0131 da teknik olarak m\u00fcmk\u00fcn de\u011fildir. Cimcime3.com\u2019da yer alan t\u00fcm videolar, \u00fc\u00e7\u00fcnc\u00fc taraf video payla\u015f\u0131m servisleri (\u00f6rne\u011fin [&hellip;]<\/p>\n","protected":false},"author":5,"featured_media":0,"parent":0,"menu_order":0,"comment_status":"closed","ping_status":"closed","template":"","meta":{"footnotes":""},"class_list":["post-109","page","type-page","status-publish","hentry"],"yoast_head":"<!-- This site is optimized with the Yoast SEO plugin v26.3 - https:\/\/yoast.com\/wordpress\/plugins\/seo\/ -->\n<title>Gizlilik ve \u0130f\u015fa - Cimcime<\/title>\n<meta name=\"robots\" content=\"index, follow, max-snippet:-1, max-image-preview:large, max-video-preview:-1\" \/>\n<link rel=\"canonical\" href=\"https:\/\/cimcime92.com\/gizlilik-ve-ifsa\/\" \/>\n<meta property=\"og:locale\" content=\"tr_TR\" \/>\n<meta property=\"og:type\" content=\"article\" \/>\n<meta property=\"og:title\" content=\"Gizlilik ve \u0130f\u015fa - Cimcime\" \/>\n<meta property=\"og:description\" content=\"\ud83d\udd12 Gizlilik ve \u0130f\u015fa Politikas\u0131 Cimcime3.com, kullan\u0131c\u0131 gizlili\u011fine en \u00fcst d\u00fczeyde \u00f6nem veren bir yeti\u015fkin i\u00e7erik platformudur. Sitemizi ziyaret eden hi\u00e7bir kullan\u0131c\u0131n\u0131n ki\u015fisel verileri kaydedilmez, saklanmaz ve \u00fc\u00e7\u00fcnc\u00fc taraflarla payla\u015f\u0131lmaz. Sistemlerimizde log kayd\u0131 tutulmad\u0131\u011f\u0131 i\u00e7in, herhangi bir veri payla\u015f\u0131m\u0131 da teknik olarak m\u00fcmk\u00fcn de\u011fildir. Cimcime3.com\u2019da yer alan t\u00fcm videolar, \u00fc\u00e7\u00fcnc\u00fc taraf video payla\u015f\u0131m servisleri (\u00f6rne\u011fin [&hellip;]\" \/>\n<meta property=\"og:url\" content=\"https:\/\/cimcime92.com\/gizlilik-ve-ifsa\/\" \/>\n<meta property=\"og:site_name\" content=\"Cimcime\" \/>\n<meta property=\"article:modified_time\" content=\"2025-10-31T14:22:05+00:00\" \/>\n<meta property=\"og:image\" content=\"https:\/\/cimcime92.com\/wp-content\/uploads\/2025\/10\/cimcime-logo.png\" \/>\n\t<meta property=\"og:image:width\" content=\"1517\" \/>\n\t<meta property=\"og:image:height\" content=\"365\" \/>\n\t<meta property=\"og:image:type\" content=\"image\/png\" \/>\n<meta name=\"twitter:card\" content=\"summary_large_image\" \/>\n<script type=\"application\/ld+json\" class=\"yoast-schema-graph\">{\"@context\":\"https:\/\/schema.org\",\"@graph\":[{\"@type\":\"WebPage\",\"@id\":\"https:\/\/cimcime92.com\/gizlilik-ve-ifsa\/\",\"url\":\"https:\/\/cimcime92.com\/gizlilik-ve-ifsa\/\",\"name\":\"Gizlilik ve \u0130f\u015fa - Cimcime\",\"isPartOf\":{\"@id\":\"https:\/\/cimcime92.com\/#website\"},\"datePublished\":\"2025-06-24T18:55:37+00:00\",\"dateModified\":\"2025-10-31T14:22:05+00:00\",\"breadcrumb\":{\"@id\":\"https:\/\/cimcime92.com\/gizlilik-ve-ifsa\/#breadcrumb\"},\"inLanguage\":\"tr\",\"potentialAction\":[{\"@type\":\"ReadAction\",\"target\":[\"https:\/\/cimcime92.com\/gizlilik-ve-ifsa\/\"]}]},{\"@type\":\"BreadcrumbList\",\"@id\":\"https:\/\/cimcime92.com\/gizlilik-ve-ifsa\/#breadcrumb\",\"itemListElement\":[{\"@type\":\"ListItem\",\"position\":1,\"name\":\"Anasayfa\",\"item\":\"https:\/\/cimcime92.com\/\"},{\"@type\":\"ListItem\",\"position\":2,\"name\":\"Gizlilik ve \u0130f\u015fa\"}]},{\"@type\":\"WebSite\",\"@id\":\"https:\/\/cimcime92.com\/#website\",\"url\":\"https:\/\/cimcime92.com\/\",\"name\":\"Cimcime\",\"description\":\"T\u00fcrk if\u015fa - Porno izle - AltYaz\u0131l\u0131 Sex izle\",\"publisher\":{\"@id\":\"https:\/\/cimcime92.com\/#organization\"},\"potentialAction\":[{\"@type\":\"SearchAction\",\"target\":{\"@type\":\"EntryPoint\",\"urlTemplate\":\"https:\/\/cimcime92.com\/?s={search_term_string}\"},\"query-input\":{\"@type\":\"PropertyValueSpecification\",\"valueRequired\":true,\"valueName\":\"search_term_string\"}}],\"inLanguage\":\"tr\"},{\"@type\":\"Organization\",\"@id\":\"https:\/\/cimcime92.com\/#organization\",\"name\":\"Cimcime\",\"url\":\"https:\/\/cimcime92.com\/\",\"logo\":{\"@type\":\"ImageObject\",\"inLanguage\":\"tr\",\"@id\":\"https:\/\/cimcime92.com\/#\/schema\/logo\/image\/\",\"url\":\"https:\/\/cimcime92.com\/wp-content\/uploads\/2025\/10\/cimcime-logo.png\",\"contentUrl\":\"https:\/\/cimcime92.com\/wp-content\/uploads\/2025\/10\/cimcime-logo.png\",\"width\":1517,\"height\":365,\"caption\":\"Cimcime\"},\"image\":{\"@id\":\"https:\/\/cimcime92.com\/#\/schema\/logo\/image\/\"}}]}<\/script>\n<!-- \/ Yoast SEO plugin. -->","yoast_head_json":{"title":"Gizlilik ve \u0130f\u015fa - Cimcime","robots":{"index":"index","follow":"follow","max-snippet":"max-snippet:-1","max-image-preview":"max-image-preview:large","max-video-preview":"max-video-preview:-1"},"canonical":"https:\/\/cimcime92.com\/gizlilik-ve-ifsa\/","og_locale":"tr_TR","og_type":"article","og_title":"Gizlilik ve \u0130f\u015fa - Cimcime","og_description":"\ud83d\udd12 Gizlilik ve \u0130f\u015fa Politikas\u0131 Cimcime3.com, kullan\u0131c\u0131 gizlili\u011fine en \u00fcst d\u00fczeyde \u00f6nem veren bir yeti\u015fkin i\u00e7erik platformudur. Sitemizi ziyaret eden hi\u00e7bir kullan\u0131c\u0131n\u0131n ki\u015fisel verileri kaydedilmez, saklanmaz ve \u00fc\u00e7\u00fcnc\u00fc taraflarla payla\u015f\u0131lmaz. Sistemlerimizde log kayd\u0131 tutulmad\u0131\u011f\u0131 i\u00e7in, herhangi bir veri payla\u015f\u0131m\u0131 da teknik olarak m\u00fcmk\u00fcn de\u011fildir. Cimcime3.com\u2019da yer alan t\u00fcm videolar, \u00fc\u00e7\u00fcnc\u00fc taraf video payla\u015f\u0131m servisleri (\u00f6rne\u011fin [&hellip;]","og_url":"https:\/\/cimcime92.com\/gizlilik-ve-ifsa\/","og_site_name":"Cimcime","article_modified_time":"2025-10-31T14:22:05+00:00","og_image":[{"width":1517,"height":365,"url":"https:\/\/cimcime92.com\/wp-content\/uploads\/2025\/10\/cimcime-logo.png","type":"image\/png"}],"twitter_card":"summary_large_image","schema":{"@context":"https:\/\/schema.org","@graph":[{"@type":"WebPage","@id":"https:\/\/cimcime92.com\/gizlilik-ve-ifsa\/","url":"https:\/\/cimcime92.com\/gizlilik-ve-ifsa\/","name":"Gizlilik ve \u0130f\u015fa - Cimcime","isPartOf":{"@id":"https:\/\/cimcime92.com\/#website"},"datePublished":"2025-06-24T18:55:37+00:00","dateModified":"2025-10-31T14:22:05+00:00","breadcrumb":{"@id":"https:\/\/cimcime92.com\/gizlilik-ve-ifsa\/#breadcrumb"},"inLanguage":"tr","potentialAction":[{"@type":"ReadAction","target":["https:\/\/cimcime92.com\/gizlilik-ve-ifsa\/"]}]},{"@type":"BreadcrumbList","@id":"https:\/\/cimcime92.com\/gizlilik-ve-ifsa\/#breadcrumb","itemListElement":[{"@type":"ListItem","position":1,"name":"Anasayfa","item":"https:\/\/cimcime92.com\/"},{"@type":"ListItem","position":2,"name":"Gizlilik ve \u0130f\u015fa"}]},{"@type":"WebSite","@id":"https:\/\/cimcime92.com\/#website","url":"https:\/\/cimcime92.com\/","name":"Cimcime","description":"T\u00fcrk if\u015fa - Porno izle - AltYaz\u0131l\u0131 Sex izle","publisher":{"@id":"https:\/\/cimcime92.com\/#organization"},"potentialAction":[{"@type":"SearchAction","target":{"@type":"EntryPoint","urlTemplate":"https:\/\/cimcime92.com\/?s={search_term_string}"},"query-input":{"@type":"PropertyValueSpecification","valueRequired":true,"valueName":"search_term_string"}}],"inLanguage":"tr"},{"@type":"Organization","@id":"https:\/\/cimcime92.com\/#organization","name":"Cimcime","url":"https:\/\/cimcime92.com\/","logo":{"@type":"ImageObject","inLanguage":"tr","@id":"https:\/\/cimcime92.com\/#\/schema\/logo\/image\/","url":"https:\/\/cimcime92.com\/wp-content\/uploads\/2025\/10\/cimcime-logo.png","contentUrl":"https:\/\/cimcime92.com\/wp-content\/uploads\/2025\/10\/cimcime-logo.png","width":1517,"height":365,"caption":"Cimcime"},"image":{"@id":"https:\/\/cimcime92.com\/#\/schema\/logo\/image\/"}}]}},"_links":{"self":[{"href":"https:\/\/cimcime92.com\/index.php?rest_route=\/wp\/v2\/pages\/109","targetHints":{"allow":["GET"]}}],"collection":[{"href":"https:\/\/cimcime92.com\/index.php?rest_route=\/wp\/v2\/pages"}],"about":[{"href":"https:\/\/cimcime92.com\/index.php?rest_route=\/wp\/v2\/types\/page"}],"author":[{"embeddable":true,"href":"https:\/\/cimcime92.com\/index.php?rest_route=\/wp\/v2\/users\/5"}],"replies":[{"embeddable":true,"href":"https:\/\/cimcime92.com\/index.php?rest_route=%2Fwp%2Fv2%2Fcomments&post=109"}],"version-history":[{"count":4,"href":"https:\/\/cimcime92.com\/index.php?rest_route=\/wp\/v2\/pages\/109\/revisions"}],"predecessor-version":[{"id":1889,"href":"https:\/\/cimcime92.com\/index.php?rest_route=\/wp\/v2\/pages\/109\/revisions\/1889"}],"wp:attachment":[{"href":"https:\/\/cimcime92.com\/index.php?rest_route=%2Fwp%2Fv2%2Fmedia&parent=109"}],"curies":[{"name":"wp","href":"https:\/\/api.w.org\/{rel}","templated":true}]}}