{"id":11,"date":"2025-05-14T01:42:08","date_gmt":"2025-05-13T22:42:08","guid":{"rendered":"https:\/\/cimcime92.com\/categories\/"},"modified":"2025-05-20T18:05:41","modified_gmt":"2025-05-20T15:05:41","slug":"tum-kategoriler","status":"publish","type":"page","link":"https:\/\/cimcime92.com\/?page_id=11","title":{"rendered":"T\u00fcm Kategoriler"},"content":{"rendered":"","protected":false},"excerpt":{"rendered":"","protected":false},"author":5,"featured_media":0,"parent":0,"menu_order":0,"comment_status":"closed","ping_status":"closed","template":"template-categories.php","meta":{"footnotes":""},"class_list":["post-11","page","type-page","status-publish","hentry"],"yoast_head":"<!-- This site is optimized with the Yoast SEO plugin v26.3 - https:\/\/yoast.com\/wordpress\/plugins\/seo\/ -->\n<title>T\u00fcm Kategoriler - Cimcime<\/title>\n<meta name=\"robots\" content=\"index, follow, max-snippet:-1, max-image-preview:large, max-video-preview:-1\" \/>\n<link rel=\"canonical\" href=\"https:\/\/cimcime92.com\/tum-kategoriler\/\" \/>\n<meta property=\"og:locale\" content=\"tr_TR\" \/>\n<meta property=\"og:type\" content=\"article\" \/>\n<meta property=\"og:title\" content=\"T\u00fcm Kategoriler - Cimcime\" \/>\n<meta property=\"og:url\" content=\"https:\/\/cimcime92.com\/tum-kategoriler\/\" \/>\n<meta property=\"og:site_name\" content=\"Cimcime\" \/>\n<meta property=\"article:modified_time\" content=\"2025-05-20T15:05:41+00:00\" \/>\n<meta property=\"og:image\" content=\"https:\/\/cimcime92.com\/wp-content\/uploads\/2025\/10\/cimcime-logo.png\" \/>\n\t<meta property=\"og:image:width\" content=\"1517\" \/>\n\t<meta property=\"og:image:height\" content=\"365\" \/>\n\t<meta property=\"og:image:type\" content=\"image\/png\" \/>\n<meta name=\"twitter:card\" content=\"summary_large_image\" \/>\n<script type=\"application\/ld+json\" class=\"yoast-schema-graph\">{\"@context\":\"https:\/\/schema.org\",\"@graph\":[{\"@type\":\"WebPage\",\"@id\":\"https:\/\/cimcime92.com\/tum-kategoriler\/\",\"url\":\"https:\/\/cimcime92.com\/tum-kategoriler\/\",\"name\":\"T\u00fcm Kategoriler - Cimcime\",\"isPartOf\":{\"@id\":\"https:\/\/cimcime92.com\/#website\"},\"datePublished\":\"2025-05-13T22:42:08+00:00\",\"dateModified\":\"2025-05-20T15:05:41+00:00\",\"breadcrumb\":{\"@id\":\"https:\/\/cimcime92.com\/tum-kategoriler\/#breadcrumb\"},\"inLanguage\":\"tr\",\"potentialAction\":[{\"@type\":\"ReadAction\",\"target\":[\"https:\/\/cimcime92.com\/tum-kategoriler\/\"]}]},{\"@type\":\"BreadcrumbList\",\"@id\":\"https:\/\/cimcime92.com\/tum-kategoriler\/#breadcrumb\",\"itemListElement\":[{\"@type\":\"ListItem\",\"position\":1,\"name\":\"Anasayfa\",\"item\":\"https:\/\/cimcime92.com\/\"},{\"@type\":\"ListItem\",\"position\":2,\"name\":\"T\u00fcm Kategoriler\"}]},{\"@type\":\"WebSite\",\"@id\":\"https:\/\/cimcime92.com\/#website\",\"url\":\"https:\/\/cimcime92.com\/\",\"name\":\"Cimcime\",\"description\":\"T\u00fcrk if\u015fa - Porno izle - AltYaz\u0131l\u0131 Sex izle\",\"publisher\":{\"@id\":\"https:\/\/cimcime92.com\/#organization\"},\"potentialAction\":[{\"@type\":\"SearchAction\",\"target\":{\"@type\":\"EntryPoint\",\"urlTemplate\":\"https:\/\/cimcime92.com\/?s={search_term_string}\"},\"query-input\":{\"@type\":\"PropertyValueSpecification\",\"valueRequired\":true,\"valueName\":\"search_term_string\"}}],\"inLanguage\":\"tr\"},{\"@type\":\"Organization\",\"@id\":\"https:\/\/cimcime92.com\/#organization\",\"name\":\"Cimcime\",\"url\":\"https:\/\/cimcime92.com\/\",\"logo\":{\"@type\":\"ImageObject\",\"inLanguage\":\"tr\",\"@id\":\"https:\/\/cimcime92.com\/#\/schema\/logo\/image\/\",\"url\":\"https:\/\/cimcime92.com\/wp-content\/uploads\/2025\/10\/cimcime-logo.png\",\"contentUrl\":\"https:\/\/cimcime92.com\/wp-content\/uploads\/2025\/10\/cimcime-logo.png\",\"width\":1517,\"height\":365,\"caption\":\"Cimcime\"},\"image\":{\"@id\":\"https:\/\/cimcime92.com\/#\/schema\/logo\/image\/\"}}]}<\/script>\n<!-- \/ Yoast SEO plugin. -->","yoast_head_json":{"title":"T\u00fcm Kategoriler - Cimcime","robots":{"index":"index","follow":"follow","max-snippet":"max-snippet:-1","max-image-preview":"max-image-preview:large","max-video-preview":"max-video-preview:-1"},"canonical":"https:\/\/cimcime92.com\/tum-kategoriler\/","og_locale":"tr_TR","og_type":"article","og_title":"T\u00fcm Kategoriler - Cimcime","og_url":"https:\/\/cimcime92.com\/tum-kategoriler\/","og_site_name":"Cimcime","article_modified_time":"2025-05-20T15:05:41+00:00","og_image":[{"width":1517,"height":365,"url":"https:\/\/cimcime92.com\/wp-content\/uploads\/2025\/10\/cimcime-logo.png","type":"image\/png"}],"twitter_card":"summary_large_image","schema":{"@context":"https:\/\/schema.org","@graph":[{"@type":"WebPage","@id":"https:\/\/cimcime92.com\/tum-kategoriler\/","url":"https:\/\/cimcime92.com\/tum-kategoriler\/","name":"T\u00fcm Kategoriler - Cimcime","isPartOf":{"@id":"https:\/\/cimcime92.com\/#website"},"datePublished":"2025-05-13T22:42:08+00:00","dateModified":"2025-05-20T15:05:41+00:00","breadcrumb":{"@id":"https:\/\/cimcime92.com\/tum-kategoriler\/#breadcrumb"},"inLanguage":"tr","potentialAction":[{"@type":"ReadAction","target":["https:\/\/cimcime92.com\/tum-kategoriler\/"]}]},{"@type":"BreadcrumbList","@id":"https:\/\/cimcime92.com\/tum-kategoriler\/#breadcrumb","itemListElement":[{"@type":"ListItem","position":1,"name":"Anasayfa","item":"https:\/\/cimcime92.com\/"},{"@type":"ListItem","position":2,"name":"T\u00fcm Kategoriler"}]},{"@type":"WebSite","@id":"https:\/\/cimcime92.com\/#website","url":"https:\/\/cimcime92.com\/","name":"Cimcime","description":"T\u00fcrk if\u015fa - Porno izle - AltYaz\u0131l\u0131 Sex izle","publisher":{"@id":"https:\/\/cimcime92.com\/#organization"},"potentialAction":[{"@type":"SearchAction","target":{"@type":"EntryPoint","urlTemplate":"https:\/\/cimcime92.com\/?s={search_term_string}"},"query-input":{"@type":"PropertyValueSpecification","valueRequired":true,"valueName":"search_term_string"}}],"inLanguage":"tr"},{"@type":"Organization","@id":"https:\/\/cimcime92.com\/#organization","name":"Cimcime","url":"https:\/\/cimcime92.com\/","logo":{"@type":"ImageObject","inLanguage":"tr","@id":"https:\/\/cimcime92.com\/#\/schema\/logo\/image\/","url":"https:\/\/cimcime92.com\/wp-content\/uploads\/2025\/10\/cimcime-logo.png","contentUrl":"https:\/\/cimcime92.com\/wp-content\/uploads\/2025\/10\/cimcime-logo.png","width":1517,"height":365,"caption":"Cimcime"},"image":{"@id":"https:\/\/cimcime92.com\/#\/schema\/logo\/image\/"}}]}},"_links":{"self":[{"href":"https:\/\/cimcime92.com\/index.php?rest_route=\/wp\/v2\/pages\/11","targetHints":{"allow":["GET"]}}],"collection":[{"href":"https:\/\/cimcime92.com\/index.php?rest_route=\/wp\/v2\/pages"}],"about":[{"href":"https:\/\/cimcime92.com\/index.php?rest_route=\/wp\/v2\/types\/page"}],"author":[{"embeddable":true,"href":"https:\/\/cimcime92.com\/index.php?rest_route=\/wp\/v2\/users\/5"}],"replies":[{"embeddable":true,"href":"https:\/\/cimcime92.com\/index.php?rest_route=%2Fwp%2Fv2%2Fcomments&post=11"}],"version-history":[{"count":1,"href":"https:\/\/cimcime92.com\/index.php?rest_route=\/wp\/v2\/pages\/11\/revisions"}],"predecessor-version":[{"id":95,"href":"https:\/\/cimcime92.com\/index.php?rest_route=\/wp\/v2\/pages\/11\/revisions\/95"}],"wp:attachment":[{"href":"https:\/\/cimcime92.com\/index.php?rest_route=%2Fwp%2Fv2%2Fmedia&parent=11"}],"curies":[{"name":"wp","href":"https:\/\/api.w.org\/{rel}","templated":true}]}}