{"id":238,"date":"2025-06-24T21:57:24","date_gmt":"2025-06-24T18:57:24","guid":{"rendered":"https:\/\/cimcime92.com\/?page_id=238"},"modified":"2025-10-31T17:22:19","modified_gmt":"2025-10-31T14:22:19","slug":"hakkimizda","status":"publish","type":"page","link":"https:\/\/cimcime92.com\/?page_id=238","title":{"rendered":"Hakk\u0131m\u0131zda"},"content":{"rendered":"<h2 data-start=\"286\" data-end=\"317\">\ud83d\udc8b Hakk\u0131m\u0131zda<\/h2>\n<p data-start=\"319\" data-end=\"645\"><strong data-start=\"319\" data-end=\"335\">Cimcime.com<\/strong>, internet \u00fczerindeki s\u0131n\u0131rs\u0131z i\u00e7erik ak\u0131\u015f\u0131na farkl\u0131 bir soluk getirmek amac\u0131yla kurulmu\u015f modern bir <strong data-start=\"436\" data-end=\"477\">yeti\u015fkin video payla\u015f\u0131m platformudur.<\/strong><br data-start=\"477\" data-end=\"480\" \/>Platform, \u00e7e\u015fitli \u00e7evrimi\u00e7i ortamlarda payla\u015f\u0131lan videolar\u0131 ar\u015fivleyerek eri\u015fimi kolayla\u015ft\u0131r\u0131r ve ziyaret\u00e7ilerine sade, h\u0131zl\u0131 ve reklams\u0131z bir izleme deneyimi sunar.<\/p>\n<h3 data-start=\"647\" data-end=\"664\">\ud83c\udfaf Amac\u0131m\u0131z<\/h3>\n<p data-start=\"665\" data-end=\"682\">Kullan\u0131c\u0131lar\u0131n;<\/p>\n<ul data-start=\"683\" data-end=\"909\">\n<li data-start=\"683\" data-end=\"756\">\n<p data-start=\"685\" data-end=\"756\">farkl\u0131 t\u00fcrlerdeki yerli ve yabanc\u0131 i\u00e7eriklere kolayca ula\u015fabilmesini,<\/p>\n<\/li>\n<li data-start=\"757\" data-end=\"840\">\n<p data-start=\"759\" data-end=\"840\">sade ve kullan\u0131c\u0131 dostu aray\u00fcz\u00fcm\u00fczle zaman kaybetmeden arad\u0131\u011f\u0131n\u0131 bulabilmesini,<\/p>\n<\/li>\n<li data-start=\"841\" data-end=\"909\">\n<p data-start=\"843\" data-end=\"909\">g\u00fcvenli ve gizli bir \u015fekilde i\u00e7erik izleyebilmesini sa\u011flamakt\u0131r.<\/p>\n<\/li>\n<\/ul>\n<p data-start=\"911\" data-end=\"1237\">Cimcime3.com yaln\u0131zca <strong data-start=\"933\" data-end=\"961\">18 ya\u015f ve \u00fczeri bireyler<\/strong> i\u00e7in tasarlanm\u0131\u015f bir platformdur.<br data-start=\"995\" data-end=\"998\" \/>T\u00fcm i\u00e7erikler, <strong data-start=\"1013\" data-end=\"1050\">\u00fc\u00e7\u00fcnc\u00fc taraf video servislerinden<\/strong> (\u00f6rne\u011fin OnlyFans, Reddit, Twitter veya benzeri kaynaklar) <strong data-start=\"1110\" data-end=\"1130\">embed y\u00f6ntemiyle<\/strong> payla\u015f\u0131lmaktad\u0131r.<br data-start=\"1148\" data-end=\"1151\" \/>Bu nedenle sitemizde <strong data-start=\"1172\" data-end=\"1220\">hi\u00e7bir yasa d\u0131\u015f\u0131 veya bar\u0131nd\u0131r\u0131lm\u0131\u015f materyal<\/strong> bulunmamaktad\u0131r.<\/p>\n<h3 data-start=\"1239\" data-end=\"1261\">\ud83d\udd0d \u0130\u00e7erik Yap\u0131s\u0131<\/h3>\n<ul data-start=\"1262\" data-end=\"1600\">\n<li data-start=\"1262\" data-end=\"1389\">\n<p data-start=\"1264\" data-end=\"1389\"><strong data-start=\"1264\" data-end=\"1282\">Yerli yap\u0131mlar<\/strong>, <strong data-start=\"1284\" data-end=\"1296\">OnlyFans<\/strong> payla\u015f\u0131mlar\u0131 ve <strong data-start=\"1313\" data-end=\"1350\">sosyal medyada \u00f6ne \u00e7\u0131kan videolar<\/strong> \u00f6zel kategoriler alt\u0131nda listelenir.<\/p>\n<\/li>\n<li data-start=\"1390\" data-end=\"1503\">\n<p data-start=\"1392\" data-end=\"1503\">Geli\u015fmi\u015f <strong data-start=\"1401\" data-end=\"1435\">arama ve filtreleme sistemimiz<\/strong> sayesinde arad\u0131\u011f\u0131n\u0131z i\u00e7eriklere saniyeler i\u00e7inde ula\u015fabilirsiniz.<\/p>\n<\/li>\n<li data-start=\"1504\" data-end=\"1600\">\n<p data-start=\"1506\" data-end=\"1600\">Herhangi bir <strong data-start=\"1519\" data-end=\"1529\">\u00fcyelik<\/strong> veya <strong data-start=\"1535\" data-end=\"1556\">kay\u0131t zorunlulu\u011fu<\/strong> olmadan siteyi \u00f6zg\u00fcrce kullanabilirsiniz.<\/p>\n<\/li>\n<\/ul>\n<h3 data-start=\"1602\" data-end=\"1636\">\ud83d\udee1 Gizlilik ve Telif Haklar\u0131<\/h3>\n<p data-start=\"1637\" data-end=\"1947\">Cimcime3.com kullan\u0131c\u0131 gizlili\u011fine b\u00fcy\u00fck \u00f6nem verir.<br data-start=\"1689\" data-end=\"1692\" \/>Hi\u00e7bir ki\u015fisel veri toplanmaz, izleme veya kay\u0131t i\u015flemi yap\u0131lmaz.<br data-start=\"1757\" data-end=\"1760\" \/>Platformda payla\u015f\u0131lan i\u00e7eriklerden herhangi biri <strong data-start=\"1809\" data-end=\"1824\">telif hakk\u0131<\/strong> veya <strong data-start=\"1830\" data-end=\"1849\">\u00f6zel mahremiyet<\/strong> i\u00e7eriyorsa, hak sahibinin resmi bildirimi sonras\u0131 ilgili materyal <strong data-start=\"1916\" data-end=\"1947\">derhal yay\u0131ndan kald\u0131r\u0131l\u0131r.<\/strong><\/p>\n<p data-start=\"1949\" data-end=\"2086\">\ud83d\udce9 <strong data-start=\"1952\" data-end=\"2014\">Telif, kald\u0131rma talepleri veya i\u015f birli\u011fi teklifleri i\u00e7in:<\/strong><br data-start=\"2014\" data-end=\"2017\" \/><a class=\"decorated-link cursor-pointer\" href=\"mailto:cimcimeiletisim@proton.me\" rel=\"noopener\" data-start=\"2017\" data-end=\"2086\">cimcimeiletisim@proton.me<\/a><\/p>\n","protected":false},"excerpt":{"rendered":"<p>\ud83d\udc8b Hakk\u0131m\u0131zda Cimcime.com, internet \u00fczerindeki s\u0131n\u0131rs\u0131z i\u00e7erik ak\u0131\u015f\u0131na farkl\u0131 bir soluk getirmek amac\u0131yla kurulmu\u015f modern bir yeti\u015fkin video payla\u015f\u0131m platformudur.Platform, \u00e7e\u015fitli \u00e7evrimi\u00e7i ortamlarda payla\u015f\u0131lan videolar\u0131 ar\u015fivleyerek eri\u015fimi kolayla\u015ft\u0131r\u0131r ve ziyaret\u00e7ilerine sade, h\u0131zl\u0131 ve reklams\u0131z bir izleme deneyimi sunar. \ud83c\udfaf Amac\u0131m\u0131z Kullan\u0131c\u0131lar\u0131n; farkl\u0131 t\u00fcrlerdeki yerli ve yabanc\u0131 i\u00e7eriklere kolayca ula\u015fabilmesini, sade ve kullan\u0131c\u0131 dostu aray\u00fcz\u00fcm\u00fczle zaman [&hellip;]<\/p>\n","protected":false},"author":5,"featured_media":0,"parent":0,"menu_order":0,"comment_status":"closed","ping_status":"closed","template":"","meta":{"footnotes":""},"class_list":["post-238","page","type-page","status-publish","hentry"],"yoast_head":"<!-- This site is optimized with the Yoast SEO plugin v26.3 - https:\/\/yoast.com\/wordpress\/plugins\/seo\/ -->\n<title>Hakk\u0131m\u0131zda - Cimcime<\/title>\n<meta name=\"robots\" content=\"index, follow, max-snippet:-1, max-image-preview:large, max-video-preview:-1\" \/>\n<link rel=\"canonical\" href=\"https:\/\/cimcime92.com\/hakkimizda\/\" \/>\n<meta property=\"og:locale\" content=\"tr_TR\" \/>\n<meta property=\"og:type\" content=\"article\" \/>\n<meta property=\"og:title\" content=\"Hakk\u0131m\u0131zda - Cimcime\" \/>\n<meta property=\"og:description\" content=\"\ud83d\udc8b Hakk\u0131m\u0131zda Cimcime.com, internet \u00fczerindeki s\u0131n\u0131rs\u0131z i\u00e7erik ak\u0131\u015f\u0131na farkl\u0131 bir soluk getirmek amac\u0131yla kurulmu\u015f modern bir yeti\u015fkin video payla\u015f\u0131m platformudur.Platform, \u00e7e\u015fitli \u00e7evrimi\u00e7i ortamlarda payla\u015f\u0131lan videolar\u0131 ar\u015fivleyerek eri\u015fimi kolayla\u015ft\u0131r\u0131r ve ziyaret\u00e7ilerine sade, h\u0131zl\u0131 ve reklams\u0131z bir izleme deneyimi sunar. \ud83c\udfaf Amac\u0131m\u0131z Kullan\u0131c\u0131lar\u0131n; farkl\u0131 t\u00fcrlerdeki yerli ve yabanc\u0131 i\u00e7eriklere kolayca ula\u015fabilmesini, sade ve kullan\u0131c\u0131 dostu aray\u00fcz\u00fcm\u00fczle zaman [&hellip;]\" \/>\n<meta property=\"og:url\" content=\"https:\/\/cimcime92.com\/hakkimizda\/\" \/>\n<meta property=\"og:site_name\" content=\"Cimcime\" \/>\n<meta property=\"article:modified_time\" content=\"2025-10-31T14:22:19+00:00\" \/>\n<meta property=\"og:image\" content=\"https:\/\/cimcime92.com\/wp-content\/uploads\/2025\/10\/cimcime-logo.png\" \/>\n\t<meta property=\"og:image:width\" content=\"1517\" \/>\n\t<meta property=\"og:image:height\" content=\"365\" \/>\n\t<meta property=\"og:image:type\" content=\"image\/png\" \/>\n<meta name=\"twitter:card\" content=\"summary_large_image\" \/>\n<script type=\"application\/ld+json\" class=\"yoast-schema-graph\">{\"@context\":\"https:\/\/schema.org\",\"@graph\":[{\"@type\":\"WebPage\",\"@id\":\"https:\/\/cimcime92.com\/hakkimizda\/\",\"url\":\"https:\/\/cimcime92.com\/hakkimizda\/\",\"name\":\"Hakk\u0131m\u0131zda - Cimcime\",\"isPartOf\":{\"@id\":\"https:\/\/cimcime92.com\/#website\"},\"datePublished\":\"2025-06-24T18:57:24+00:00\",\"dateModified\":\"2025-10-31T14:22:19+00:00\",\"breadcrumb\":{\"@id\":\"https:\/\/cimcime92.com\/hakkimizda\/#breadcrumb\"},\"inLanguage\":\"tr\",\"potentialAction\":[{\"@type\":\"ReadAction\",\"target\":[\"https:\/\/cimcime92.com\/hakkimizda\/\"]}]},{\"@type\":\"BreadcrumbList\",\"@id\":\"https:\/\/cimcime92.com\/hakkimizda\/#breadcrumb\",\"itemListElement\":[{\"@type\":\"ListItem\",\"position\":1,\"name\":\"Anasayfa\",\"item\":\"https:\/\/cimcime92.com\/\"},{\"@type\":\"ListItem\",\"position\":2,\"name\":\"Hakk\u0131m\u0131zda\"}]},{\"@type\":\"WebSite\",\"@id\":\"https:\/\/cimcime92.com\/#website\",\"url\":\"https:\/\/cimcime92.com\/\",\"name\":\"Cimcime\",\"description\":\"T\u00fcrk if\u015fa - Porno izle - AltYaz\u0131l\u0131 Sex izle\",\"publisher\":{\"@id\":\"https:\/\/cimcime92.com\/#organization\"},\"potentialAction\":[{\"@type\":\"SearchAction\",\"target\":{\"@type\":\"EntryPoint\",\"urlTemplate\":\"https:\/\/cimcime92.com\/?s={search_term_string}\"},\"query-input\":{\"@type\":\"PropertyValueSpecification\",\"valueRequired\":true,\"valueName\":\"search_term_string\"}}],\"inLanguage\":\"tr\"},{\"@type\":\"Organization\",\"@id\":\"https:\/\/cimcime92.com\/#organization\",\"name\":\"Cimcime\",\"url\":\"https:\/\/cimcime92.com\/\",\"logo\":{\"@type\":\"ImageObject\",\"inLanguage\":\"tr\",\"@id\":\"https:\/\/cimcime92.com\/#\/schema\/logo\/image\/\",\"url\":\"https:\/\/cimcime92.com\/wp-content\/uploads\/2025\/10\/cimcime-logo.png\",\"contentUrl\":\"https:\/\/cimcime92.com\/wp-content\/uploads\/2025\/10\/cimcime-logo.png\",\"width\":1517,\"height\":365,\"caption\":\"Cimcime\"},\"image\":{\"@id\":\"https:\/\/cimcime92.com\/#\/schema\/logo\/image\/\"}}]}<\/script>\n<!-- \/ Yoast SEO plugin. -->","yoast_head_json":{"title":"Hakk\u0131m\u0131zda - Cimcime","robots":{"index":"index","follow":"follow","max-snippet":"max-snippet:-1","max-image-preview":"max-image-preview:large","max-video-preview":"max-video-preview:-1"},"canonical":"https:\/\/cimcime92.com\/hakkimizda\/","og_locale":"tr_TR","og_type":"article","og_title":"Hakk\u0131m\u0131zda - Cimcime","og_description":"\ud83d\udc8b Hakk\u0131m\u0131zda Cimcime.com, internet \u00fczerindeki s\u0131n\u0131rs\u0131z i\u00e7erik ak\u0131\u015f\u0131na farkl\u0131 bir soluk getirmek amac\u0131yla kurulmu\u015f modern bir yeti\u015fkin video payla\u015f\u0131m platformudur.Platform, \u00e7e\u015fitli \u00e7evrimi\u00e7i ortamlarda payla\u015f\u0131lan videolar\u0131 ar\u015fivleyerek eri\u015fimi kolayla\u015ft\u0131r\u0131r ve ziyaret\u00e7ilerine sade, h\u0131zl\u0131 ve reklams\u0131z bir izleme deneyimi sunar. \ud83c\udfaf Amac\u0131m\u0131z Kullan\u0131c\u0131lar\u0131n; farkl\u0131 t\u00fcrlerdeki yerli ve yabanc\u0131 i\u00e7eriklere kolayca ula\u015fabilmesini, sade ve kullan\u0131c\u0131 dostu aray\u00fcz\u00fcm\u00fczle zaman [&hellip;]","og_url":"https:\/\/cimcime92.com\/hakkimizda\/","og_site_name":"Cimcime","article_modified_time":"2025-10-31T14:22:19+00:00","og_image":[{"width":1517,"height":365,"url":"https:\/\/cimcime92.com\/wp-content\/uploads\/2025\/10\/cimcime-logo.png","type":"image\/png"}],"twitter_card":"summary_large_image","schema":{"@context":"https:\/\/schema.org","@graph":[{"@type":"WebPage","@id":"https:\/\/cimcime92.com\/hakkimizda\/","url":"https:\/\/cimcime92.com\/hakkimizda\/","name":"Hakk\u0131m\u0131zda - Cimcime","isPartOf":{"@id":"https:\/\/cimcime92.com\/#website"},"datePublished":"2025-06-24T18:57:24+00:00","dateModified":"2025-10-31T14:22:19+00:00","breadcrumb":{"@id":"https:\/\/cimcime92.com\/hakkimizda\/#breadcrumb"},"inLanguage":"tr","potentialAction":[{"@type":"ReadAction","target":["https:\/\/cimcime92.com\/hakkimizda\/"]}]},{"@type":"BreadcrumbList","@id":"https:\/\/cimcime92.com\/hakkimizda\/#breadcrumb","itemListElement":[{"@type":"ListItem","position":1,"name":"Anasayfa","item":"https:\/\/cimcime92.com\/"},{"@type":"ListItem","position":2,"name":"Hakk\u0131m\u0131zda"}]},{"@type":"WebSite","@id":"https:\/\/cimcime92.com\/#website","url":"https:\/\/cimcime92.com\/","name":"Cimcime","description":"T\u00fcrk if\u015fa - Porno izle - AltYaz\u0131l\u0131 Sex izle","publisher":{"@id":"https:\/\/cimcime92.com\/#organization"},"potentialAction":[{"@type":"SearchAction","target":{"@type":"EntryPoint","urlTemplate":"https:\/\/cimcime92.com\/?s={search_term_string}"},"query-input":{"@type":"PropertyValueSpecification","valueRequired":true,"valueName":"search_term_string"}}],"inLanguage":"tr"},{"@type":"Organization","@id":"https:\/\/cimcime92.com\/#organization","name":"Cimcime","url":"https:\/\/cimcime92.com\/","logo":{"@type":"ImageObject","inLanguage":"tr","@id":"https:\/\/cimcime92.com\/#\/schema\/logo\/image\/","url":"https:\/\/cimcime92.com\/wp-content\/uploads\/2025\/10\/cimcime-logo.png","contentUrl":"https:\/\/cimcime92.com\/wp-content\/uploads\/2025\/10\/cimcime-logo.png","width":1517,"height":365,"caption":"Cimcime"},"image":{"@id":"https:\/\/cimcime92.com\/#\/schema\/logo\/image\/"}}]}},"_links":{"self":[{"href":"https:\/\/cimcime92.com\/index.php?rest_route=\/wp\/v2\/pages\/238","targetHints":{"allow":["GET"]}}],"collection":[{"href":"https:\/\/cimcime92.com\/index.php?rest_route=\/wp\/v2\/pages"}],"about":[{"href":"https:\/\/cimcime92.com\/index.php?rest_route=\/wp\/v2\/types\/page"}],"author":[{"embeddable":true,"href":"https:\/\/cimcime92.com\/index.php?rest_route=\/wp\/v2\/users\/5"}],"replies":[{"embeddable":true,"href":"https:\/\/cimcime92.com\/index.php?rest_route=%2Fwp%2Fv2%2Fcomments&post=238"}],"version-history":[{"count":5,"href":"https:\/\/cimcime92.com\/index.php?rest_route=\/wp\/v2\/pages\/238\/revisions"}],"predecessor-version":[{"id":1890,"href":"https:\/\/cimcime92.com\/index.php?rest_route=\/wp\/v2\/pages\/238\/revisions\/1890"}],"wp:attachment":[{"href":"https:\/\/cimcime92.com\/index.php?rest_route=%2Fwp%2Fv2%2Fmedia&parent=238"}],"curies":[{"name":"wp","href":"https:\/\/api.w.org\/{rel}","templated":true}]}}