{"id":240,"date":"2025-06-24T21:58:22","date_gmt":"2025-06-24T18:58:22","guid":{"rendered":"https:\/\/cimcime92.com\/?page_id=240"},"modified":"2025-10-31T17:22:36","modified_gmt":"2025-10-31T14:22:36","slug":"hukuksal","status":"publish","type":"page","link":"https:\/\/cimcime92.com\/?page_id=240","title":{"rendered":"Hukuksal"},"content":{"rendered":"<h2 data-start=\"309\" data-end=\"364\">\u2696\ufe0f Hukuksal Uyar\u0131 ve Telif Politikas\u0131<\/h2>\n<p data-start=\"366\" data-end=\"646\"><strong data-start=\"366\" data-end=\"382\">Cimcime3.com<\/strong>, 5651 say\u0131l\u0131 kanunun 5. maddesi kapsam\u0131nda <strong data-start=\"426\" data-end=\"445\">\u201cyer sa\u011flay\u0131c\u0131\u201d<\/strong> olarak hizmet vermektedir.<br data-start=\"472\" data-end=\"475\" \/>Bu yasa gere\u011fince, site y\u00f6netiminin kullan\u0131c\u0131lar taraf\u0131ndan payla\u015f\u0131lan i\u00e7erikleri <strong data-start=\"557\" data-end=\"578\">\u00f6nceden denetleme<\/strong> veya <strong data-start=\"584\" data-end=\"615\">hukuka ayk\u0131r\u0131l\u0131\u011f\u0131 ara\u015ft\u0131rma<\/strong> y\u00fck\u00fcml\u00fcl\u00fc\u011f\u00fc bulunmamaktad\u0131r.<\/p>\n<p data-start=\"648\" data-end=\"903\">Bu nedenle sitemiz <strong data-start=\"667\" data-end=\"687\">\u201cuyar ve kald\u0131r\u201d<\/strong> prensibiyle hareket eder.<br data-start=\"713\" data-end=\"716\" \/>Telif hakk\u0131 sahibi olan ki\u015fi, kurum veya meslek birlikleri; i\u00e7eriklerinden birinin yasal olmayan bi\u00e7imde payla\u015f\u0131ld\u0131\u011f\u0131n\u0131 d\u00fc\u015f\u00fcnmeleri durumunda bize a\u015fa\u011f\u0131daki adres \u00fczerinden ula\u015fabilirler:<\/p>\n<p data-start=\"905\" data-end=\"991\">\ud83d\udce7 <strong data-start=\"908\" data-end=\"921\">\u0130leti\u015fim:<\/strong> <a class=\"decorated-link cursor-pointer\" href=\"mailto:cimcimeiletisim@proton.me\" rel=\"noopener\" data-start=\"922\" data-end=\"991\">cimcimeiletisim@proton.me<\/a><\/p>\n<p data-start=\"993\" data-end=\"1135\">G\u00f6nderilen bildirimler hukuki \u00e7er\u00e7evede incelenecek ve <strong data-start=\"1048\" data-end=\"1135\">hakl\u0131 bulunmas\u0131 durumunda ilgili i\u00e7erikler en k\u0131sa s\u00fcrede yay\u0131ndan kald\u0131r\u0131lacakt\u0131r.<\/strong><\/p>\n<hr data-start=\"1137\" data-end=\"1140\" \/>\n<h3 data-start=\"1142\" data-end=\"1189\">\ud83d\udcdc \u0130lgili Yasa (5651 Say\u0131l\u0131 Kanun, Madde 5)<\/h3>\n<p data-start=\"1191\" data-end=\"1624\"><strong data-start=\"1191\" data-end=\"1198\">(1)<\/strong> Yer sa\u011flay\u0131c\u0131, yer sa\u011flad\u0131\u011f\u0131 i\u00e7eri\u011fi kontrol etmek veya hukuka ayk\u0131r\u0131 bir faaliyetin s\u00f6z konusu olup olmad\u0131\u011f\u0131n\u0131 ara\u015ft\u0131rmakla y\u00fck\u00fcml\u00fc de\u011fildir.<br data-start=\"1341\" data-end=\"1344\" \/><strong data-start=\"1344\" data-end=\"1351\">(2)<\/strong> Yer sa\u011flay\u0131c\u0131, yer sa\u011flad\u0131\u011f\u0131 hukuka ayk\u0131r\u0131 i\u00e7erikten \u2014 ceza sorumlulu\u011funa ili\u015fkin h\u00fck\u00fcmler sakl\u0131 kalmak kayd\u0131yla \u2014 bu Kanunun 8 ve 9. maddelerine g\u00f6re haberdar edilmesi halinde ve teknik olarak imk\u00e2n bulundu\u011fu \u00f6l\u00e7\u00fcde, hukuka ayk\u0131r\u0131 i\u00e7eri\u011fi yay\u0131ndan kald\u0131rmakla y\u00fck\u00fcml\u00fcd\u00fcr.<\/p>\n","protected":false},"excerpt":{"rendered":"<p>\u2696\ufe0f Hukuksal Uyar\u0131 ve Telif Politikas\u0131 Cimcime3.com, 5651 say\u0131l\u0131 kanunun 5. maddesi kapsam\u0131nda \u201cyer sa\u011flay\u0131c\u0131\u201d olarak hizmet vermektedir.Bu yasa gere\u011fince, site y\u00f6netiminin kullan\u0131c\u0131lar taraf\u0131ndan payla\u015f\u0131lan i\u00e7erikleri \u00f6nceden denetleme veya hukuka ayk\u0131r\u0131l\u0131\u011f\u0131 ara\u015ft\u0131rma y\u00fck\u00fcml\u00fcl\u00fc\u011f\u00fc bulunmamaktad\u0131r. Bu nedenle sitemiz \u201cuyar ve kald\u0131r\u201d prensibiyle hareket eder.Telif hakk\u0131 sahibi olan ki\u015fi, kurum veya meslek birlikleri; i\u00e7eriklerinden birinin yasal olmayan [&hellip;]<\/p>\n","protected":false},"author":5,"featured_media":0,"parent":0,"menu_order":0,"comment_status":"closed","ping_status":"closed","template":"","meta":{"footnotes":""},"class_list":["post-240","page","type-page","status-publish","hentry"],"yoast_head":"<!-- This site is optimized with the Yoast SEO plugin v26.3 - https:\/\/yoast.com\/wordpress\/plugins\/seo\/ -->\n<title>Hukuksal - Cimcime<\/title>\n<meta name=\"robots\" content=\"index, follow, max-snippet:-1, max-image-preview:large, max-video-preview:-1\" \/>\n<link rel=\"canonical\" href=\"https:\/\/cimcime92.com\/hukuksal\/\" \/>\n<meta property=\"og:locale\" content=\"tr_TR\" \/>\n<meta property=\"og:type\" content=\"article\" \/>\n<meta property=\"og:title\" content=\"Hukuksal - Cimcime\" \/>\n<meta property=\"og:description\" content=\"\u2696\ufe0f Hukuksal Uyar\u0131 ve Telif Politikas\u0131 Cimcime3.com, 5651 say\u0131l\u0131 kanunun 5. maddesi kapsam\u0131nda \u201cyer sa\u011flay\u0131c\u0131\u201d olarak hizmet vermektedir.Bu yasa gere\u011fince, site y\u00f6netiminin kullan\u0131c\u0131lar taraf\u0131ndan payla\u015f\u0131lan i\u00e7erikleri \u00f6nceden denetleme veya hukuka ayk\u0131r\u0131l\u0131\u011f\u0131 ara\u015ft\u0131rma y\u00fck\u00fcml\u00fcl\u00fc\u011f\u00fc bulunmamaktad\u0131r. Bu nedenle sitemiz \u201cuyar ve kald\u0131r\u201d prensibiyle hareket eder.Telif hakk\u0131 sahibi olan ki\u015fi, kurum veya meslek birlikleri; i\u00e7eriklerinden birinin yasal olmayan [&hellip;]\" \/>\n<meta property=\"og:url\" content=\"https:\/\/cimcime92.com\/hukuksal\/\" \/>\n<meta property=\"og:site_name\" content=\"Cimcime\" \/>\n<meta property=\"article:modified_time\" content=\"2025-10-31T14:22:36+00:00\" \/>\n<meta property=\"og:image\" content=\"https:\/\/cimcime92.com\/wp-content\/uploads\/2025\/10\/cimcime-logo.png\" \/>\n\t<meta property=\"og:image:width\" content=\"1517\" \/>\n\t<meta property=\"og:image:height\" content=\"365\" \/>\n\t<meta property=\"og:image:type\" content=\"image\/png\" \/>\n<meta name=\"twitter:card\" content=\"summary_large_image\" \/>\n<script type=\"application\/ld+json\" class=\"yoast-schema-graph\">{\"@context\":\"https:\/\/schema.org\",\"@graph\":[{\"@type\":\"WebPage\",\"@id\":\"https:\/\/cimcime92.com\/hukuksal\/\",\"url\":\"https:\/\/cimcime92.com\/hukuksal\/\",\"name\":\"Hukuksal - Cimcime\",\"isPartOf\":{\"@id\":\"https:\/\/cimcime92.com\/#website\"},\"datePublished\":\"2025-06-24T18:58:22+00:00\",\"dateModified\":\"2025-10-31T14:22:36+00:00\",\"breadcrumb\":{\"@id\":\"https:\/\/cimcime92.com\/hukuksal\/#breadcrumb\"},\"inLanguage\":\"tr\",\"potentialAction\":[{\"@type\":\"ReadAction\",\"target\":[\"https:\/\/cimcime92.com\/hukuksal\/\"]}]},{\"@type\":\"BreadcrumbList\",\"@id\":\"https:\/\/cimcime92.com\/hukuksal\/#breadcrumb\",\"itemListElement\":[{\"@type\":\"ListItem\",\"position\":1,\"name\":\"Anasayfa\",\"item\":\"https:\/\/cimcime92.com\/\"},{\"@type\":\"ListItem\",\"position\":2,\"name\":\"Hukuksal\"}]},{\"@type\":\"WebSite\",\"@id\":\"https:\/\/cimcime92.com\/#website\",\"url\":\"https:\/\/cimcime92.com\/\",\"name\":\"Cimcime\",\"description\":\"T\u00fcrk if\u015fa - Porno izle - AltYaz\u0131l\u0131 Sex izle\",\"publisher\":{\"@id\":\"https:\/\/cimcime92.com\/#organization\"},\"potentialAction\":[{\"@type\":\"SearchAction\",\"target\":{\"@type\":\"EntryPoint\",\"urlTemplate\":\"https:\/\/cimcime92.com\/?s={search_term_string}\"},\"query-input\":{\"@type\":\"PropertyValueSpecification\",\"valueRequired\":true,\"valueName\":\"search_term_string\"}}],\"inLanguage\":\"tr\"},{\"@type\":\"Organization\",\"@id\":\"https:\/\/cimcime92.com\/#organization\",\"name\":\"Cimcime\",\"url\":\"https:\/\/cimcime92.com\/\",\"logo\":{\"@type\":\"ImageObject\",\"inLanguage\":\"tr\",\"@id\":\"https:\/\/cimcime92.com\/#\/schema\/logo\/image\/\",\"url\":\"https:\/\/cimcime92.com\/wp-content\/uploads\/2025\/10\/cimcime-logo.png\",\"contentUrl\":\"https:\/\/cimcime92.com\/wp-content\/uploads\/2025\/10\/cimcime-logo.png\",\"width\":1517,\"height\":365,\"caption\":\"Cimcime\"},\"image\":{\"@id\":\"https:\/\/cimcime92.com\/#\/schema\/logo\/image\/\"}}]}<\/script>\n<!-- \/ Yoast SEO plugin. -->","yoast_head_json":{"title":"Hukuksal - Cimcime","robots":{"index":"index","follow":"follow","max-snippet":"max-snippet:-1","max-image-preview":"max-image-preview:large","max-video-preview":"max-video-preview:-1"},"canonical":"https:\/\/cimcime92.com\/hukuksal\/","og_locale":"tr_TR","og_type":"article","og_title":"Hukuksal - Cimcime","og_description":"\u2696\ufe0f Hukuksal Uyar\u0131 ve Telif Politikas\u0131 Cimcime3.com, 5651 say\u0131l\u0131 kanunun 5. maddesi kapsam\u0131nda \u201cyer sa\u011flay\u0131c\u0131\u201d olarak hizmet vermektedir.Bu yasa gere\u011fince, site y\u00f6netiminin kullan\u0131c\u0131lar taraf\u0131ndan payla\u015f\u0131lan i\u00e7erikleri \u00f6nceden denetleme veya hukuka ayk\u0131r\u0131l\u0131\u011f\u0131 ara\u015ft\u0131rma y\u00fck\u00fcml\u00fcl\u00fc\u011f\u00fc bulunmamaktad\u0131r. Bu nedenle sitemiz \u201cuyar ve kald\u0131r\u201d prensibiyle hareket eder.Telif hakk\u0131 sahibi olan ki\u015fi, kurum veya meslek birlikleri; i\u00e7eriklerinden birinin yasal olmayan [&hellip;]","og_url":"https:\/\/cimcime92.com\/hukuksal\/","og_site_name":"Cimcime","article_modified_time":"2025-10-31T14:22:36+00:00","og_image":[{"width":1517,"height":365,"url":"https:\/\/cimcime92.com\/wp-content\/uploads\/2025\/10\/cimcime-logo.png","type":"image\/png"}],"twitter_card":"summary_large_image","schema":{"@context":"https:\/\/schema.org","@graph":[{"@type":"WebPage","@id":"https:\/\/cimcime92.com\/hukuksal\/","url":"https:\/\/cimcime92.com\/hukuksal\/","name":"Hukuksal - Cimcime","isPartOf":{"@id":"https:\/\/cimcime92.com\/#website"},"datePublished":"2025-06-24T18:58:22+00:00","dateModified":"2025-10-31T14:22:36+00:00","breadcrumb":{"@id":"https:\/\/cimcime92.com\/hukuksal\/#breadcrumb"},"inLanguage":"tr","potentialAction":[{"@type":"ReadAction","target":["https:\/\/cimcime92.com\/hukuksal\/"]}]},{"@type":"BreadcrumbList","@id":"https:\/\/cimcime92.com\/hukuksal\/#breadcrumb","itemListElement":[{"@type":"ListItem","position":1,"name":"Anasayfa","item":"https:\/\/cimcime92.com\/"},{"@type":"ListItem","position":2,"name":"Hukuksal"}]},{"@type":"WebSite","@id":"https:\/\/cimcime92.com\/#website","url":"https:\/\/cimcime92.com\/","name":"Cimcime","description":"T\u00fcrk if\u015fa - Porno izle - AltYaz\u0131l\u0131 Sex izle","publisher":{"@id":"https:\/\/cimcime92.com\/#organization"},"potentialAction":[{"@type":"SearchAction","target":{"@type":"EntryPoint","urlTemplate":"https:\/\/cimcime92.com\/?s={search_term_string}"},"query-input":{"@type":"PropertyValueSpecification","valueRequired":true,"valueName":"search_term_string"}}],"inLanguage":"tr"},{"@type":"Organization","@id":"https:\/\/cimcime92.com\/#organization","name":"Cimcime","url":"https:\/\/cimcime92.com\/","logo":{"@type":"ImageObject","inLanguage":"tr","@id":"https:\/\/cimcime92.com\/#\/schema\/logo\/image\/","url":"https:\/\/cimcime92.com\/wp-content\/uploads\/2025\/10\/cimcime-logo.png","contentUrl":"https:\/\/cimcime92.com\/wp-content\/uploads\/2025\/10\/cimcime-logo.png","width":1517,"height":365,"caption":"Cimcime"},"image":{"@id":"https:\/\/cimcime92.com\/#\/schema\/logo\/image\/"}}]}},"_links":{"self":[{"href":"https:\/\/cimcime92.com\/index.php?rest_route=\/wp\/v2\/pages\/240","targetHints":{"allow":["GET"]}}],"collection":[{"href":"https:\/\/cimcime92.com\/index.php?rest_route=\/wp\/v2\/pages"}],"about":[{"href":"https:\/\/cimcime92.com\/index.php?rest_route=\/wp\/v2\/types\/page"}],"author":[{"embeddable":true,"href":"https:\/\/cimcime92.com\/index.php?rest_route=\/wp\/v2\/users\/5"}],"replies":[{"embeddable":true,"href":"https:\/\/cimcime92.com\/index.php?rest_route=%2Fwp%2Fv2%2Fcomments&post=240"}],"version-history":[{"count":4,"href":"https:\/\/cimcime92.com\/index.php?rest_route=\/wp\/v2\/pages\/240\/revisions"}],"predecessor-version":[{"id":1891,"href":"https:\/\/cimcime92.com\/index.php?rest_route=\/wp\/v2\/pages\/240\/revisions\/1891"}],"wp:attachment":[{"href":"https:\/\/cimcime92.com\/index.php?rest_route=%2Fwp%2Fv2%2Fmedia&parent=240"}],"curies":[{"name":"wp","href":"https:\/\/api.w.org\/{rel}","templated":true}]}}